{"id":11,"date":"2020-11-03T16:21:47","date_gmt":"2020-11-03T16:21:47","guid":{"rendered":"https:\/\/www.it-service-stieler.de\/?page_id=11"},"modified":"2025-07-03T10:15:31","modified_gmt":"2025-07-03T10:15:31","slug":"impressum","status":"publish","type":"page","link":"https:\/\/it-service-stieler.de\/index.php\/impressum\/","title":{"rendered":"Impressum"},"content":{"rendered":"\n<p>Rudi Stieler<br>IT-Service Stieler<br>Stielerstr.30<br>99099 Erfurt<\/p>\n\n\n\n<h2 class=\"wp-block-heading\">Kontakt:<\/h2>\n\n\n\n<figure class=\"wp-block-table\"><table><tbody><tr><td>Telefon:<\/td><td>0361 \/ 747 89 361<\/td><\/tr><tr><td>Mobil-Telefon:<\/td><td>0177 \/ 420 17 37<\/td><\/tr><tr><td>E-Mail<\/td><td>mail@it-service-stieler.de<\/td><\/tr><\/tbody><\/table><\/figure>\n\n\n\n<h2 class=\"wp-block-heading has-large-font-size\">Umsatzsteuer-ID:<\/h2>\n\n\n\n<p>Umsatzsteuer-Identifikationsnummer gem\u00e4\u00df \u00a727 a Umsatzsteuergesetz:<br>DE178604873<\/p>\n\n\n\n<h2 class=\"wp-block-heading has-large-font-size\">Steuernummer:<\/h2>\n\n\n\n<p>151\/278\/02464<\/p>\n\n\n\n<p><\/p>\n\n\n\n<p class=\"has-large-font-size\"><strong>Angaben zur Berufshaftpflichtversicherung<\/strong><\/p>\n\n\n\n<p class=\"has-regular-font-size\">Name und Sitz des Versicherers:<br>Generali Deutschland Versicherungs AG<br>M\u00fcnchen\/N\u00fcrnberg<br>90313 N\u00fcrnberg<\/p>\n\n\n\n<p class=\"has-large-font-size\"><strong>Geltungsraum der Versicherung:<\/strong><\/p>\n\n\n\n<p>Deutschland<\/p>\n\n\n\n<p><\/p>\n\n\n\n<p class=\"has-large-font-size\"><strong>EU-Streitschlichtung<\/strong><\/p>\n\n\n\n<p>Die Europ\u00e4ische Kommission stellt eine Plattform zur Online-Streitbeilegung (OS) bereit:<br>https:\/\/ec.europa.eu\/consumers\/odr\/.<br>Unsere E-Mail-Adresse finden Sie oben im Impressum.<\/p>\n\n\n\n<p><\/p>\n\n\n\n<p class=\"has-large-font-size\">V<strong>erbraucherstreitbeilegung\/Universalschlichtungsstelle<\/strong><\/p>\n\n\n\n<p>Wir sind nicht bereit oder verpflichtet, an Streitbeilegungsverfahren vor einer<br>Verbraucherschlichtungsstelle teilzunehmen.<\/p>\n\n\n\n<p><\/p>\n\n\n\n<h2 class=\"wp-block-heading has-large-font-size\">Quellenangaben f\u00fcr die verwendeten Bilder und Grafiken:<\/h2>\n\n\n\n<p><a href=\"http:\/\/www.fotolia.com\/\">www.fotolia.com<\/a><\/p>\n\n\n\n<p><a href=\"http:\/\/www.pexels.com\" target=\"_blank\" rel=\"noreferrer noopener\">www.pexels.com<\/a><\/p>\n\n\n\n<p><a href=\"https:\/\/pixabay.com\">https:\/\/pixabay.com<\/a><\/p>\n\n\n\n<p>Flyer IT-Service Stieler  by <a href=\"http:\/\/www.fotostudio-ontour.de\/\" target=\"_blank\" rel=\"noreferrer noopener\">Fotostudio on Tour! <\/a>Grit Fischer<\/p>\n\n\n\n<h2 class=\"wp-block-heading\">Verantwortlich f\u00fcr den Inhalt nach \u00a7 55 Abs. 2 RStV:<\/h2>\n\n\n\n<p>Rudi Stieler<br>Stielerstr.30<br>99099 Erfurt<\/p>\n\n\n\n<p>Quelle: <em><a href=\"http:\/\/web.archive.org\/web\/20200923224128\/http:\/\/www.e-recht24.de\/impressum-generator.html\">http:\/\/www.e-recht24.de<\/a><\/em><\/p>\n\n\n\n<h2 class=\"wp-block-heading\">Haftungsausschluss:<\/h2>\n\n\n\n<p><strong>Haftung f\u00fcr Inhalte<\/strong><\/p>\n\n\n\n<p>Als Diensteanbieter sind wir gem\u00e4\u00df \u00a7 7 Abs.1 TMG f\u00fcr eigene Inhalte auf diesen Seiten nach den allgemeinen Gesetzen verantwortlich. Nach \u00a7\u00a7 8 bis 10 TMG sind wir als Diensteanbieter jedoch nicht verpflichtet, \u00fcbermittelte oder gespeicherte fremde Informationen zu \u00fcberwachen oder nach Umst\u00e4nden zu forschen, die auf eine rechtswidrige T\u00e4tigkeit hinweisen. Verpflichtungen zur Entfernung oder Sperrung der Nutzung von Informationen nach den allgemeinen Gesetzen bleiben hiervon unber\u00fchrt. Eine diesbez\u00fcgliche Haftung ist jedoch erst ab dem Zeitpunkt der Kenntnis einer konkreten Rechtsverletzung m\u00f6glich. Bei Bekanntwerden von entsprechenden Rechtsverletzungen werden wir diese Inhalte umgehend entfernen.<\/p>\n\n\n\n<p><strong>Haftung f\u00fcr Links<\/strong><\/p>\n\n\n\n<p>Unser Angebot enth\u00e4lt Links zu externen Webseiten Dritter, auf deren Inhalte wir keinen Einfluss haben. Deshalb k\u00f6nnen wir f\u00fcr diese fremden Inhalte auch keine Gew\u00e4hr \u00fcbernehmen. F\u00fcr die Inhalte der verlinkten Seiten ist stets der jeweilige Anbieter oder Betreiber der Seiten verantwortlich. Die verlinkten Seiten wurden zum Zeitpunkt der Verlinkung auf m\u00f6gliche Rechtsverst\u00f6\u00dfe \u00fcberpr\u00fcft. Rechtswidrige Inhalte waren zum Zeitpunkt der Verlinkung nicht erkennbar. Eine permanente inhaltliche Kontrolle der verlinkten Seiten ist jedoch ohne konkrete Anhaltspunkte einer Rechtsverletzung nicht zumutbar. Bei Bekanntwerden von Rechtsverletzungen werden wir derartige Links umgehend entfernen.<\/p>\n\n\n\n<p><strong>Urheberrecht<\/strong><\/p>\n\n\n\n<p>Die durch die Seitenbetreiber erstellten Inhalte und Werke auf diesen Seiten unterliegen dem deutschen Urheberrecht. Die Vervielf\u00e4ltigung, Bearbeitung, Verbreitung und jede Art der Verwertung au\u00dferhalb der Grenzen des Urheberrechtes bed\u00fcrfen der schriftlichen Zustimmung des jeweiligen Autors bzw. Erstellers. Downloads und Kopien dieser Seite sind nur f\u00fcr den privaten, nicht kommerziellen Gebrauch gestattet. Soweit die Inhalte auf dieser Seite nicht vom Betreiber erstellt wurden, werden die Urheberrechte Dritter beachtet. Insbesondere werden Inhalte Dritter als solche gekennzeichnet. Sollten Sie trotzdem auf eine Urheberrechtsverletzung aufmerksam werden, bitten wir um einen entsprechenden Hinweis. Bei Bekanntwerden von Rechtsverletzungen werden wir derartige Inhalte umgehend entfernen.<\/p>\n\n\n\n<h3 class=\"wp-block-heading\"><strong>Datenschutzerkl\u00e4rung<\/strong><\/h3>\n\n\n\n<p><strong>Geltungsbereich<\/strong><\/p>\n\n\n\n<p>Diese Datenschutzerkl\u00e4rung soll die Nutzer dieser Website gem\u00e4\u00df Bundesdatenschutzgesetz und Telemediengesetz \u00fcber die Art, den Umfang und den Zweck der Erhebung und Verwendung personenbezogener Daten durch den Websitebetreiber [Ihre Kontaktdaten einf\u00fcgen] informieren.<\/p>\n\n\n\n<p>Der Websitebetreiber nimmt Ihren Datenschutz sehr ernst und behandelt Ihre personenbezogenen Daten vertraulich und entsprechend der gesetzlichen Vorschriften.<\/p>\n\n\n\n<p>Bedenken Sie, dass die Daten\u00fcbertragung im Internet grunds\u00e4tzlich mit Sicherheitsl\u00fccken bedacht sein kann. Ein vollumf\u00e4nglicher Schutz vor dem Zugriff durch Fremde ist nicht realisierbar.<\/p>\n\n\n\n<h4 class=\"wp-block-heading\">Zugriffsdaten<\/h4>\n\n\n\n<p>Der Websitebetreiber bzw. Seitenprovider erhebt Daten \u00fcber Zugriffe auf die Seite und speichert diese als \u201eServer-Logfiles\u201c ab. Folgende Daten werden so protokolliert:<\/p>\n\n\n\n<ul class=\"wp-block-list\">\n<li>Besuchte Website<\/li>\n\n\n\n<li>Uhrzeit zum Zeitpunkt des Zugriffes<\/li>\n\n\n\n<li>Menge der gesendeten Daten in Byte<\/li>\n\n\n\n<li>Quelle\/Verweis, von welchem Sie auf die Seite gelangten<\/li>\n\n\n\n<li>Verwendeter Browser<\/li>\n\n\n\n<li>Verwendetes Betriebssystem<\/li>\n\n\n\n<li>Verwendete IP-Adresse<\/li>\n<\/ul>\n\n\n\n<p>Die erhobenen Daten dienen lediglich statistischen Auswertungen und zur Verbesserung der Website. Der Websitebetreiber beh\u00e4lt sich allerdings vor, die Server-Logfiles nachtr\u00e4glich zu \u00fcberpr\u00fcfen, sollten konkrete Anhaltspunkte auf eine rechtswidrige Nutzung hinweisen.<\/p>\n\n\n\n<h4 class=\"wp-block-heading\">Cookies<\/h4>\n\n\n\n<p>Diese Website verwendet Cookies. Dabei handelt es sich um kleine Textdateien, welche auf Ihrem Endger\u00e4t gespeichert werden. Ihr Browser greift auf diese Dateien zu. Durch den Einsatz von Cookies erh\u00f6ht sich die Benutzerfreundlichkeit und Sicherheit dieser Website.<\/p>\n\n\n\n<p>G\u00e4ngige Browser bieten die Einstellungsoption, Cookies nicht zuzulassen. Hinweis: Es ist nicht gew\u00e4hrleistet, dass Sie auf alle Funktionen dieser Website ohne Einschr\u00e4nkungen zugreifen k\u00f6nnen, wenn Sie entsprechende Einstellungen vornehmen.<\/p>\n\n\n\n<h4 class=\"wp-block-heading\">Umgang mit personenbezogenen Daten<\/h4>\n\n\n\n<p>Der Websitebetreiber erhebt, nutzt und gibt Ihre personenbezogenen Daten nur dann weiter, wenn dies im gesetzlichen Rahmen erlaubt ist oder Sie in die Datenerhebung einwilligen.<\/p>\n\n\n\n<p>Als personenbezogene Daten gelten s\u00e4mtliche Informationen, welche dazu dienen, Ihre Person zu bestimmen und welche zu Ihnen zur\u00fcckverfolgt werden k\u00f6nnen \u2013 also beispielsweise Ihr Name, Ihre E-Mail-Adresse und Telefonnummer.<\/p>\n\n\n\n<h4 class=\"wp-block-heading\">Umgang mit Kontaktdaten<\/h4>\n\n\n\n<p>Nehmen Sie mit dem Websitebetreiber durch die angebotenen Kontaktm\u00f6glichkeiten Verbindung auf, werden Ihre Angaben gespeichert, damit auf diese zur Bearbeitung und Beantwortung Ihrer Anfrage zur\u00fcckgegriffen werden kann. Ohne Ihre Einwilligung werden diese Daten nicht an Dritte weitergegeben.<\/p>\n\n\n\n<h4 class=\"wp-block-heading\">Umgang mit Kommentaren und Beitr\u00e4gen<\/h4>\n\n\n\n<p>Hinterlassen Sie auf dieser Website einen Beitrag oder Kommentar, wird Ihre IP-Adresse gespeichert. Dies dient der Sicherheit des Websitebetreibers: Verst\u00f6\u00dft Ihr Text gegen das Recht, m\u00f6chte er Ihre Identit\u00e4t nachverfolgen k\u00f6nnen.<\/p>\n\n\n\n<h4 class=\"wp-block-heading\">Abonnements<\/h4>\n\n\n\n<p>Sie haben die M\u00f6glichkeit, sowohl die gesamte Website als auch Nachfolgekommentare auf Ihren Beitrag zu abonnieren. Sie erhalten eine E-Mail zur Best\u00e4tigung Ihrer E-Mail-Adresse. Neben dieser werden keine weiteren Daten erhoben. Die gespeicherten Daten werden nicht an Dritte weitergereicht. Sie k\u00f6nnen ein Abonnement jederzeit abbestellen.<\/p>\n\n\n\n<h4 class=\"wp-block-heading\">Google Analytics<\/h4>\n\n\n\n<p>Diese Website nutzt den Dienst \u201eGoogle Analytics\u201c, welcher von der Google Inc. (1600 Amphitheatre Parkway Mountain View, CA 94043, USA) angeboten wird, zur Analyse der Websitebenutzung durch Nutzer. Der Dienst verwendet \u201eCookies\u201c \u2013 Textdateien, welche auf Ihrem Endger\u00e4t gespeichert werden. Die durch die Cookies gesammelten Informationen werden im Regelfall an einen Google-Server in den USA gesandt und dort gespeichert.<\/p>\n\n\n\n<p>Auf dieser Website greift die IP-Anonymisierung. Die IP-Adresse der Nutzer wird innerhalb der Mitgliedsstaaten der EU und des Europ\u00e4ischen Wirtschaftsraum gek\u00fcrzt. Durch diese K\u00fcrzung entf\u00e4llt der Personenbezug Ihrer IP-Adresse. Im Rahmen der Vereinbarung zur Auftragsdatenvereinbarung, welche die Websitebetreiber mit der Google Inc. geschlossen haben, erstellt diese mithilfe der gesammelten Informationen eine Auswertung der Websitenutzung und der Websiteaktivit\u00e4t und erbringt mit der Internetnutzung verbundene Dienstleistungen.<\/p>\n\n\n\n<p>Sie haben die M\u00f6glichkeit, die Speicherung des Cookies auf Ihrem Ger\u00e4t zu verhindern, indem Sie in Ihrem Browser entsprechende Einstellungen vornehmen. Es ist nicht gew\u00e4hrleistet, dass Sie auf alle Funktionen dieser Website ohne Einschr\u00e4nkungen zugreifen k\u00f6nnen, wenn Ihr Browser keine Cookies zul\u00e4sst.<\/p>\n\n\n\n<p>Weiterhin k\u00f6nnen Sie durch ein Browser-Plugin verhindern, dass die durch Cookies gesammelten Informationen (inklusive Ihrer IP-Adresse) an die Google Inc. gesendet und von der Google Inc. genutzt werden. Folgender Link f\u00fchrt Sie zu dem entsprechenden Plugin:&nbsp;<a href=\"http:\/\/web.archive.org\/web\/20200923224128\/https:\/\/tools.google.com\/dlpage\/gaoptout?hl=de\">https:\/\/tools.google.com\/dlpage\/gaoptout?hl=de<\/a><br>Alternativ verhindern Sie mit einem Klick auf diesen Link <strong>(WICHTIG! Opt-Out-Link einf\u00fcgen)<\/strong>, dass Google Analytics innerhalb dieser Website Daten \u00fcber Sie erfasst. Mit dem Klick auf obigen Link laden Sie ein \u201eOpt-Out-Cookie\u201c herunter. Ihr Browser muss die Speicherung von Cookies also hierzu grunds\u00e4tzlich erlauben. L\u00f6schen Sie Ihre Cookies regelm\u00e4\u00dfig, ist ein erneuter Klick auf den Link bei jedem Besuch dieser Website vonn\u00f6ten.<\/p>\n\n\n\n<p>Hier finden Sie weitere Informationen zur Datennutzung durch die Google Inc.:&nbsp;<a href=\"http:\/\/web.archive.org\/web\/20200923224128\/https:\/\/support.google.com\/analytics\/answer\/6004245?hl=de\">https:\/\/support.google.com\/analytics\/answer\/6004245?hl=de<\/a><\/p>\n\n\n\n<h4 class=\"wp-block-heading\">Nutzung von Social-Media-Plugins<\/h4>\n\n\n\n<p>Diese Website verwendet Facebook Social Plugins, welches von der Facebook Inc. (1 Hacker Way, Menlo Park, California 94025, USA) betrieben wird. Erkennbar sind die Einbindungen an dem Facebook-Logo bzw. an den Begriffen \u201eLike\u201c, \u201eGef\u00e4llt mir\u201c, \u201eTeilen\u201c in den Farben Facebooks (Blau und Wei\u00df). Informationen zu allen Facebook-Plugins finden Sie im folgenden Link:&nbsp;<a href=\"http:\/\/web.archive.org\/web\/20200923224128\/https:\/\/developers.facebook.com\/docs\/plugins\/\">https:\/\/developers.facebook.com\/docs\/plugins\/<\/a><\/p>\n\n\n\n<p>Das Plugin stellt eine direkte Verbindung zwischen Ihrem Browser und den Facebook-Servern her. Der Websitebetreiber hat keinerlei Einfluss auf die Natur und den Umfang der Daten, welche das Plugin an die Server der Facebook Inc. \u00fcbermittelt. Informationen dazu finden Sie hier:&nbsp;<a href=\"http:\/\/web.archive.org\/web\/20200923224128\/https:\/\/www.facebook.com\/help\/186325668085084\">https:\/\/www.facebook.com\/help\/186325668085084<\/a><br>Das Plugin informiert die Facebook Inc. dar\u00fcber, dass Sie Nutzer diese Website besucht hat. Es besteht hierbei die M\u00f6glichkeit, dass Ihre IP-Adresse gespeichert wird. Sind Sie w\u00e4hrend des Besuchs auf dieser Website in Ihrem Facebook-Konto eingeloggt, werden die genannten Informationen mit diesem verkn\u00fcpft.<\/p>\n\n\n\n<p>Nutzen Sie die Funktionen des Plugins \u2013 etwa indem Sie einen Beitrag teilen oder \u201eliken\u201c \u2013 werden die entsprechenden Informationen ebenfalls an die Facebook Inc. \u00fcbermittelt.<\/p>\n\n\n\n<p>M\u00f6chten Sie verhindern, dass die Facebook. Inc. diese Daten mit Ihrem Facebook-Konto verkn\u00fcpft, loggen Sie sich bitte vor dem Besuch dieser Website bei Facebook aus.<\/p>\n\n\n\n<p>Weiterhin nutzt diese Website die \u201e+1\u201c-Schaltfl\u00e4che von Google Plus. Betrieben wird diese von der Google Inc. (1600 Amphitheatre Parkway Mountain View, CA 94043, USA). Besuchen Sie eine Seite, welche die \u201e+1\u201c-Schaltfl\u00e4che enth\u00e4lt, entsteht eine direkte Verbindung zwischen Ihrem Browser und den Google-Servern. Der Websitebetreiber hat daher keinerlei Einfluss auf die Natur und den Umfang der Daten, welche das Plugin an die Server der Google Inc. \u00fcbermitteln. Klicken Sie auf den \u201e+1\u201c-Button, w\u00e4hrend Sie in Google + angemeldet sind, teilen Sie die Inhalte der Seite auf Ihrem \u00f6ffentlichen Profil.<\/p>\n\n\n\n<p>Personenbezogene Daten werden laut der Google Inc. erst dann erhoben, wenn Sie auf die Schaltfl\u00e4che klicken. Auch bei eingeloggten Google-Nutzern wird unter anderem die IP-Adresse gespeichert. M\u00f6chten Sie verhindern, dass die Google Inc. diese Daten speichert und mit Ihrem Konto verkn\u00fcpft, loggen Sie sich bitte vor dem Besuch dieser Website aus.<\/p>\n\n\n\n<p>Informationen zur \u201e+1\u201c-Schaltfl\u00e4che finden Sie hier:&nbsp;<a href=\"http:\/\/web.archive.org\/web\/20200923224128\/https:\/\/developers.google.com\/+\/web\/buttons-policy\">https:\/\/developers.google.com\/+\/web\/buttons-policy<\/a>.<\/p>\n\n\n\n<p>Weiterhin nutzt diese Website Twitter-Schlatfl\u00e4chen. Betrieben werden diese von der Twitter Inc. (795 Folsom St., Suite 600, San Francisco, CA 94107, USA). Besuchen Sie eine Seite, welche eine solche Schaltfl\u00e4che enth\u00e4lt, entsteht eine direkte Verbindung zwischen Ihrem Browser und den Twitter-Servern. Der Websitebetreiber hat daher keinerlei Einfluss \u00fcber die Natur und den Umfang der Daten, welche das Plugin an die Server Twitter Inc. \u00fcbermittelt.<\/p>\n\n\n\n<p>Gem\u00e4\u00df der Twitter Inc. wird dabei allein Ihre IP-Adresse erhoben und gespeichert.<br>Informationen zu dem Umgang mit personenbezogenen Daten durch die Twitter Inc. finden Sie hier:&nbsp;<a href=\"http:\/\/web.archive.org\/web\/20200923224128\/https:\/\/twitter.com\/privacy?lang=de\">https:\/\/twitter.com\/privacy?lang=de<\/a><\/p>\n\n\n\n<h4 class=\"wp-block-heading\">Newsletter-Abonnement<\/h4>\n\n\n\n<p>Der Websitebetreiber bietet Ihnen einen Newsletter an, in welchem er Sie \u00fcber aktuelle Geschehnisse und Angebote informiert. M\u00f6chten Sie den Newsletter abonnieren, m\u00fcssen Sie eine valide E-Mail-Adresse angeben.<\/p>\n\n\n\n<h4 class=\"wp-block-heading\">Rechte des Nutzers: Auskunft, Berichtigung und L\u00f6schung<\/h4>\n\n\n\n<p>Sie als Nutzer erhalten auf Antrag Ihrerseits kostenlose Auskunft dar\u00fcber, welche personenbezogenen Daten \u00fcber Sie gespeichert wurden. Sofern Ihr Wunsch nicht mit einer gesetzlichen Pflicht zur Aufbewahrung von Daten (z. B. Vorratsdatenspeicherung) kollidiert, haben Sie ein Anrecht auf Berichtigung falscher Daten und auf die Sperrung oder L\u00f6schung Ihrer personenbezogenen Daten.<\/p>\n\n\n\n<p><em>Quellenangaben: <a href=\"http:\/\/www.e-recht24.de\/muster-datenschutzerklaerung.htm\" target=\"_blank\" rel=\"noreferrer noopener\">Datenschutzerkl\u00e4rung eRecht24<\/a><\/em><\/p>\n","protected":false},"excerpt":{"rendered":"<p>Rudi StielerIT-Service StielerStielerstr.3099099 Erfurt Kontakt: Telefon: 0361 \/ 747 89 361 Mobil-Telefon: 0177 \/ 420 17 37 E-Mail mail@it-service-stieler.de Umsatzsteuer-ID: Umsatzsteuer-Identifikationsnummer gem\u00e4\u00df \u00a727 a Umsatzsteuergesetz:DE178604873 Steuernummer: 151\/278\/02464 Angaben zur Berufshaftpflichtversicherung Name und Sitz des Versicherers:Generali Deutschland Versicherungs AGM\u00fcnchen\/N\u00fcrnberg90313 N\u00fcrnberg Geltungsraum der Versicherung: Deutschland EU-Streitschlichtung Die Europ\u00e4ische Kommission stellt eine Plattform zur Online-Streitbeilegung (OS) bereit:https:\/\/ec.europa.eu\/consumers\/odr\/.Unsere E-Mail-Adresse [&hellip;]<\/p>\n","protected":false},"author":1,"featured_media":0,"parent":0,"menu_order":0,"comment_status":"closed","ping_status":"closed","template":"","meta":{"footnotes":""},"class_list":["post-11","page","type-page","status-publish","hentry","post-preview"],"jetpack_sharing_enabled":true,"_links":{"self":[{"href":"https:\/\/it-service-stieler.de\/index.php\/wp-json\/wp\/v2\/pages\/11","targetHints":{"allow":["GET"]}}],"collection":[{"href":"https:\/\/it-service-stieler.de\/index.php\/wp-json\/wp\/v2\/pages"}],"about":[{"href":"https:\/\/it-service-stieler.de\/index.php\/wp-json\/wp\/v2\/types\/page"}],"author":[{"embeddable":true,"href":"https:\/\/it-service-stieler.de\/index.php\/wp-json\/wp\/v2\/users\/1"}],"replies":[{"embeddable":true,"href":"https:\/\/it-service-stieler.de\/index.php\/wp-json\/wp\/v2\/comments?post=11"}],"version-history":[{"count":10,"href":"https:\/\/it-service-stieler.de\/index.php\/wp-json\/wp\/v2\/pages\/11\/revisions"}],"predecessor-version":[{"id":160,"href":"https:\/\/it-service-stieler.de\/index.php\/wp-json\/wp\/v2\/pages\/11\/revisions\/160"}],"wp:attachment":[{"href":"https:\/\/it-service-stieler.de\/index.php\/wp-json\/wp\/v2\/media?parent=11"}],"curies":[{"name":"wp","href":"https:\/\/api.w.org\/{rel}","templated":true}]}}