{"id":14,"date":"2020-11-03T16:21:47","date_gmt":"2020-11-03T16:21:47","guid":{"rendered":"https:\/\/www.it-service-stieler.de\/?page_id=14"},"modified":"2023-05-19T08:32:21","modified_gmt":"2023-05-19T08:32:21","slug":"it-service","status":"publish","type":"page","link":"https:\/\/it-service-stieler.de\/","title":{"rendered":"IT-Service"},"content":{"rendered":"\n<p>Herzlich Willkommen auf der Homepage von IT-Service Stieler.<\/p>\n\n\n\n<p>Unser&nbsp; junges Full-Time Service Unternehmen hat die IT-L\u00f6sung, nach der Sie vielleicht schon lange suchen.<\/p>\n\n\n\n<p>Service rund um den Computer und Telekommunikation sowie Web-Design .<\/p>\n\n\n\n<p>IT-Service Stieler ber\u00e4t zum Thema kaufm\u00e4nnischen L\u00f6sungen in kleinen-und mittleren Unternehmen<\/p>\n\n\n\n<p>Unser&nbsp; in Erfurt ans\u00e4ssige Systemhaus liefert&nbsp; zudem Hard- und Software.<\/p>\n\n\n\n<p>Als Regionalpartner  ber\u00e4t IT-Service Stieler zum Einsatz von L\u00f6sungen im Verwaltungsbereich von Unternehmen.<\/p>\n\n\n\n<p>Erst diese Arbeitserleichterung f\u00fchrt zur Amortisation der angeschafften EDV.<\/p>\n\n\n\n<p>Seit geraumer Zeit ist IT-Service Stieler Regionalpartner von verschiedenen Firmen von Software und EDV-Ausstattung.&nbsp; Die Anbieter verf\u00fcgen \u00fcber alle wesentlichen L\u00f6sungen .<\/p>\n\n\n\n<p><\/p>\n\n\n\n<div class=\"wp-block-group\"><div class=\"wp-block-group__inner-container is-layout-flow wp-block-group-is-layout-flow\">\n<p class=\"has-text-align-left\">Haken Sie Ihre IT-Probleme einfach ab <img loading=\"lazy\" decoding=\"async\" width=\"34\" height=\"38\" class=\"wp-image-54\" style=\"width: 34px;\" src=\"https:\/\/it-service-stieler.de\/wp-content\/uploads\/2020\/11\/haken1.gif\" alt=\"\"><\/p>\n\n\n\n<div class=\"wp-block-buttons is-layout-flex wp-block-buttons-is-layout-flex\">\n<div class=\"wp-block-button\"><a class=\"wp-block-button__link wp-element-button\" href=\"https:\/\/it-service-stieler.de\/wp-content\/uploads\/2023\/04\/IT-Service-Stieler-Digitale-Dokumenten-Archivierung.pdf\">Flyer Download<\/a><\/div>\n<\/div>\n<\/div><\/div>\n\n\n\n<div class=\"wp-block-group\"><div class=\"wp-block-group__inner-container is-layout-flow wp-block-group-is-layout-flow\"><\/div><\/div>\n","protected":false},"excerpt":{"rendered":"<p>Herzlich Willkommen auf der Homepage von IT-Service Stieler. Unser&nbsp; junges Full-Time Service Unternehmen hat die IT-L\u00f6sung, nach der Sie vielleicht schon lange suchen. Service rund um den Computer und Telekommunikation sowie Web-Design . IT-Service Stieler ber\u00e4t zum Thema kaufm\u00e4nnischen L\u00f6sungen in kleinen-und mittleren Unternehmen Unser&nbsp; in Erfurt ans\u00e4ssige Systemhaus liefert&nbsp; zudem Hard- und Software. Als [&hellip;]<\/p>\n","protected":false},"author":1,"featured_media":0,"parent":0,"menu_order":0,"comment_status":"closed","ping_status":"closed","template":"","meta":{"footnotes":""},"class_list":["post-14","page","type-page","status-publish","hentry","post-preview"],"jetpack_sharing_enabled":true,"_links":{"self":[{"href":"https:\/\/it-service-stieler.de\/index.php\/wp-json\/wp\/v2\/pages\/14","targetHints":{"allow":["GET"]}}],"collection":[{"href":"https:\/\/it-service-stieler.de\/index.php\/wp-json\/wp\/v2\/pages"}],"about":[{"href":"https:\/\/it-service-stieler.de\/index.php\/wp-json\/wp\/v2\/types\/page"}],"author":[{"embeddable":true,"href":"https:\/\/it-service-stieler.de\/index.php\/wp-json\/wp\/v2\/users\/1"}],"replies":[{"embeddable":true,"href":"https:\/\/it-service-stieler.de\/index.php\/wp-json\/wp\/v2\/comments?post=14"}],"version-history":[{"count":7,"href":"https:\/\/it-service-stieler.de\/index.php\/wp-json\/wp\/v2\/pages\/14\/revisions"}],"predecessor-version":[{"id":143,"href":"https:\/\/it-service-stieler.de\/index.php\/wp-json\/wp\/v2\/pages\/14\/revisions\/143"}],"wp:attachment":[{"href":"https:\/\/it-service-stieler.de\/index.php\/wp-json\/wp\/v2\/media?parent=14"}],"curies":[{"name":"wp","href":"https:\/\/api.w.org\/{rel}","templated":true}]}}