{"id":47,"date":"2020-11-05T17:02:59","date_gmt":"2020-11-05T17:02:59","guid":{"rendered":"https:\/\/www.it-service-stieler.de\/?page_id=47"},"modified":"2020-11-05T17:04:28","modified_gmt":"2020-11-05T17:04:28","slug":"portfolio","status":"publish","type":"page","link":"https:\/\/it-service-stieler.de\/index.php\/portfolio\/","title":{"rendered":"Portfolio"},"content":{"rendered":"\n<p>Was wir dem EDV-Anwender bieten!<\/p>\n\n\n\n<p>Der IT-Service-Stieler bietet kompetenten IT-Service. Als IT-Serviceprofis \u00fcbernehmen wir nahezu alle Aufgaben.<\/p>\n\n\n\n<p>Firmenkunden:<br>Wir sind professionell und bieten ein breites Spektrum an Dienstleistungen an. Da Unternehmen von ihrer IT abh\u00e4ngig sind, gilt hier unsere besondere Aufmerksamkeit.<\/p>\n\n\n\n<p>Kleine Unternehmen:<br>\u00dcber die Standarddienstleistungen hinaus \u00fcbernehmen wir auch die IT-Gesamtverantwortung f\u00fcr kleinere Unternehmen.<br>Bei Unternehmen f\u00fcr die sich ein Festangestellter Administrator nicht rechnet kommt der Servicetechniker zu vereinbarten Zeiten und Preisen und sorgt daf\u00fcr dass die EDV l\u00e4uft.<\/p>\n\n\n\n<p>Mittlere Unternehmen:<br>Hier unterst\u00fctzt unser Servicetechniker die interne IT-Administration und arbeitet nach Ma\u00dfgabe des firmeninternen IT- Leiters.\\r\\n\\r\\n<br>Au\u00dferdem k\u00fcmmern wir uns um Dinge f\u00fcr die der Firmen-oder belastete EDV-Leiter weder Zeit noch Nerv haben zum Beispiel: GreenIT, die Gesundheit am Arbeitsplatz und andere Dinge mehr.<\/p>\n\n\n\n<p>Reparatur von Hardware und Behebung von Software Problemen<\/p>\n\n\n\n<p>Optimierung Ihrer PC-Systeme<\/p>\n\n\n\n<p>Pflege Ihrer PC Systeme.<\/p>\n\n\n\n<p>Anpassung Ihrer Hardware und Software an Bestehende oder neue Komponenten<\/p>\n","protected":false},"excerpt":{"rendered":"<p>Was wir dem EDV-Anwender bieten! Der IT-Service-Stieler bietet kompetenten IT-Service. Als IT-Serviceprofis \u00fcbernehmen wir nahezu alle Aufgaben. Firmenkunden:Wir sind professionell und bieten ein breites Spektrum an Dienstleistungen an. Da Unternehmen von ihrer IT abh\u00e4ngig sind, gilt hier unsere besondere Aufmerksamkeit. Kleine Unternehmen:\u00dcber die Standarddienstleistungen hinaus \u00fcbernehmen wir auch die IT-Gesamtverantwortung f\u00fcr kleinere Unternehmen.Bei Unternehmen f\u00fcr [&hellip;]<\/p>\n","protected":false},"author":1,"featured_media":0,"parent":0,"menu_order":0,"comment_status":"closed","ping_status":"closed","template":"","meta":{"footnotes":""},"class_list":["post-47","page","type-page","status-publish","hentry","post-preview"],"jetpack_sharing_enabled":true,"_links":{"self":[{"href":"https:\/\/it-service-stieler.de\/index.php\/wp-json\/wp\/v2\/pages\/47","targetHints":{"allow":["GET"]}}],"collection":[{"href":"https:\/\/it-service-stieler.de\/index.php\/wp-json\/wp\/v2\/pages"}],"about":[{"href":"https:\/\/it-service-stieler.de\/index.php\/wp-json\/wp\/v2\/types\/page"}],"author":[{"embeddable":true,"href":"https:\/\/it-service-stieler.de\/index.php\/wp-json\/wp\/v2\/users\/1"}],"replies":[{"embeddable":true,"href":"https:\/\/it-service-stieler.de\/index.php\/wp-json\/wp\/v2\/comments?post=47"}],"version-history":[{"count":2,"href":"https:\/\/it-service-stieler.de\/index.php\/wp-json\/wp\/v2\/pages\/47\/revisions"}],"predecessor-version":[{"id":50,"href":"https:\/\/it-service-stieler.de\/index.php\/wp-json\/wp\/v2\/pages\/47\/revisions\/50"}],"wp:attachment":[{"href":"https:\/\/it-service-stieler.de\/index.php\/wp-json\/wp\/v2\/media?parent=47"}],"curies":[{"name":"wp","href":"https:\/\/api.w.org\/{rel}","templated":true}]}}