{"id":79,"date":"2023-04-14T15:05:48","date_gmt":"2023-04-14T15:05:48","guid":{"rendered":"https:\/\/www.it-service-stieler.de\/?page_id=79"},"modified":"2023-04-14T15:12:04","modified_gmt":"2023-04-14T15:12:04","slug":"dokumenten-archivierung","status":"publish","type":"page","link":"https:\/\/it-service-stieler.de\/index.php\/dokumenten-archivierung\/","title":{"rendered":"Dokumenten-Archivierung"},"content":{"rendered":"<h4><strong>Wir Digitalisieren Ihre Dokumente und Erstellen ein Elektronisches Archiv<\/strong><\/h4>\n<p>Scannen von einzelnen Seiten bis ganzen Akten Ordnern<br>Auf Wunsch Sortierung des daten Materials nach Themen<br>Hinzuf\u00fcgung von folge Material und Umsortierung m\u00f6glich<\/p>\n<h4><strong>Vorteile der Digitalisierung<\/strong><\/h4>\n<p>Platzsparend<br>Backupsicherheit<br>Lesezugriff auch unterwegs<br>R\u00fcckgewinnung ihrer digitalen Archive in Papierform durch einfaches ausdrucken<\/p>\n<p><\/p>\n\n\n<figure class=\"wp-block-image size-full\"><img loading=\"lazy\" decoding=\"async\" width=\"253\" height=\"249\" src=\"https:\/\/it-service-stieler.de\/wp-content\/uploads\/2023\/04\/pexels-skylar-kang-6044961-480002-1.jpg\" alt=\"\" class=\"wp-image-130\"\/><\/figure>\n\n\n<h4><strong>Unsere Spezieller Service:<\/strong><\/h4>\n<p>Manuelle Aufbereitung der Akte (entfernen heftklammern, etc.)<\/p>\n<p>Scanservice (sw oder farbig m\u00f6gliche \u2013 Scanaufl\u00f6sung 150- 600 dpi)<\/p>\n<p>OCR Texterkennung (Volltextdurchsuchebar)<\/p>\n<p>Entfernung von Leerseiten<\/p>\n<p>Richtige Leserichtung<\/p>\n<p>Mehrstufige Qualit\u00e4tskontrolle<\/p>\n<p>Archivierung (in verschieden Pdf Formaten)<\/p>\n<p>Indexierung (Dateinamen-Vergabe)<\/p>\n<p>Klassifizierung (Erstellen von Datenstrukturen)<\/p>\n<p>Daten\u00fcbertragung (Cloud ,HDD ,USB ,DVD ,BR)<\/p>\n\n\n<hr class=\"wp-block-separator has-alpha-channel-opacity has-background is-style-wide\"\/>\n\n\n<h4><strong>F\u00fcr Privatkunden<\/strong><\/h4>\n<p>Scannen &amp; zusammenf\u00fcgen von Dokumenten ,Vertr\u00e4gen ,Rechnungen Versicherungsunterlagen etc.<br \/>F\u00fcr eventuelle Versicherungsfall (Brand, Einbruch,etc.)<br \/>Gescannte Dokumentation Gesichert &amp; Verschl\u00fcsselt in der Cloud abgelegt<br \/><br \/><\/p>\n<p>\u00a0<\/p>","protected":false},"excerpt":{"rendered":"<p>Wir Digitalisieren Ihre Dokumente und Erstellen ein Elektronisches Archiv Scannen von einzelnen Seiten bis ganzen Akten OrdnernAuf Wunsch Sortierung des daten Materials nach ThemenHinzuf\u00fcgung von folge Material und Umsortierung m\u00f6glich Vorteile der Digitalisierung PlatzsparendBackupsicherheitLesezugriff auch unterwegsR\u00fcckgewinnung ihrer digitalen Archive in Papierform durch einfaches ausdrucken Unsere Spezieller Service: Manuelle Aufbereitung der Akte (entfernen heftklammern, etc.) Scanservice [&hellip;]<\/p>\n","protected":false},"author":1,"featured_media":0,"parent":0,"menu_order":0,"comment_status":"closed","ping_status":"closed","template":"","meta":{"footnotes":""},"class_list":["post-79","page","type-page","status-publish","hentry","post-preview"],"jetpack_sharing_enabled":true,"_links":{"self":[{"href":"https:\/\/it-service-stieler.de\/index.php\/wp-json\/wp\/v2\/pages\/79","targetHints":{"allow":["GET"]}}],"collection":[{"href":"https:\/\/it-service-stieler.de\/index.php\/wp-json\/wp\/v2\/pages"}],"about":[{"href":"https:\/\/it-service-stieler.de\/index.php\/wp-json\/wp\/v2\/types\/page"}],"author":[{"embeddable":true,"href":"https:\/\/it-service-stieler.de\/index.php\/wp-json\/wp\/v2\/users\/1"}],"replies":[{"embeddable":true,"href":"https:\/\/it-service-stieler.de\/index.php\/wp-json\/wp\/v2\/comments?post=79"}],"version-history":[{"count":40,"href":"https:\/\/it-service-stieler.de\/index.php\/wp-json\/wp\/v2\/pages\/79\/revisions"}],"predecessor-version":[{"id":141,"href":"https:\/\/it-service-stieler.de\/index.php\/wp-json\/wp\/v2\/pages\/79\/revisions\/141"}],"wp:attachment":[{"href":"https:\/\/it-service-stieler.de\/index.php\/wp-json\/wp\/v2\/media?parent=79"}],"curies":[{"name":"wp","href":"https:\/\/api.w.org\/{rel}","templated":true}]}}